{"id":21,"date":"2021-05-25T02:04:34","date_gmt":"2021-05-25T02:04:34","guid":{"rendered":"https:\/\/www.proativacomunicacao.com.br\/novo\/?page_id=21"},"modified":"2025-06-12T15:00:09","modified_gmt":"2025-06-12T15:00:09","slug":"portfolio","status":"publish","type":"page","link":"https:\/\/www.proativacomunicacao.com.br\/novo\/?page_id=21","title":{"rendered":"Portf\u00f3lio"},"content":{"rendered":"\t\t<div data-elementor-type=\"wp-page\" data-elementor-id=\"21\" class=\"elementor elementor-21\" data-elementor-post-type=\"page\">\n\t\t\t\t\t\t<section class=\"elementor-section elementor-top-section elementor-element elementor-element-67222118 elementor-section-full_width elementor-section-height-default elementor-section-height-default\" data-id=\"67222118\" data-element_type=\"section\" data-settings=\"{&quot;background_background&quot;:&quot;classic&quot;}\">\n\t\t\t\t\t\t<div class=\"elementor-container elementor-column-gap-no\">\n\t\t\t\t\t<div class=\"elementor-column elementor-col-100 elementor-top-column elementor-element elementor-element-55a38f3e\" data-id=\"55a38f3e\" data-element_type=\"column\">\n\t\t\t<div class=\"elementor-widget-wrap elementor-element-populated\">\n\t\t\t\t\t\t<div class=\"elementor-element elementor-element-703fae3f elementor-invisible elementor-widget elementor-widget-heading\" data-id=\"703fae3f\" data-element_type=\"widget\" data-settings=\"{&quot;_animation&quot;:&quot;zoomIn&quot;}\" data-widget_type=\"heading.default\">\n\t\t\t\t<div class=\"elementor-widget-container\">\n\t\t\t<h2 class=\"elementor-heading-title elementor-size-default\">Cases<\/h2>\t\t<\/div>\n\t\t\t\t<\/div>\n\t\t\t\t<div class=\"elementor-element elementor-element-c74cc3f elementor-widget elementor-widget-text-editor\" data-id=\"c74cc3f\" data-element_type=\"widget\" data-widget_type=\"text-editor.default\">\n\t\t\t\t<div class=\"elementor-widget-container\">\n\t\t\t\t\t\t\t<p style=\"font-weight: 400;\">Proatividade, resili\u00eancia e sintonia. Com a jun\u00e7\u00e3o desses quesitos, compomos uma equipe multidisciplinar de profissionais, prontamente preparada para atender \u00e0s diversas demandas dos nossos clientes, sempre atentos \u00e0s novidades do mercado.<\/p><p style=\"font-weight: 400;\">Al\u00e9m de ser pautada pela inova\u00e7\u00e3o, a\u00a0Proativa\u00a0tem na sua hist\u00f3ria o diferencial de ser a primeira ag\u00eancia de Bras\u00edlia especializada no atendimento a entidades de classe.<\/p><p style=\"font-weight: 400;\">Com 24 anos de experi\u00eancia no mercado, tornamo-nos estrategistas em Comunica\u00e7\u00e3o e Imagem Organizacional!<\/p><p style=\"font-weight: 400;\">Tudo isso \u00e9 poss\u00edvel gra\u00e7as a uma equipe qualificada de profissionais, com ampla experi\u00eancia e plenamente habilitados para tomar decis\u00f5es, sugerir a\u00e7\u00f5es\u00a0proativas\u00a0e planejar boas estrat\u00e9gias de comunica\u00e7\u00e3o.<\/p>\t\t\t\t\t\t<\/div>\n\t\t\t\t<\/div>\n\t\t\t\t<div class=\"elementor-element elementor-element-a899da8 elementor-grid-mobile-2 elementor-grid-3 elementor-grid-tablet-2 elementor-widget elementor-widget-portfolio\" data-id=\"a899da8\" data-element_type=\"widget\" data-settings=\"{&quot;columns_mobile&quot;:&quot;2&quot;,&quot;columns&quot;:&quot;3&quot;,&quot;columns_tablet&quot;:&quot;2&quot;,&quot;item_ratio&quot;:{&quot;unit&quot;:&quot;px&quot;,&quot;size&quot;:0.66,&quot;sizes&quot;:[]},&quot;item_gap&quot;:{&quot;unit&quot;:&quot;px&quot;,&quot;size&quot;:&quot;&quot;,&quot;sizes&quot;:[]},&quot;row_gap&quot;:{&quot;unit&quot;:&quot;px&quot;,&quot;size&quot;:&quot;&quot;,&quot;sizes&quot;:[]}}\" data-widget_type=\"portfolio.default\">\n\t\t\t\t<div class=\"elementor-widget-container\">\n\t\t\t\t\t<div class=\"elementor-portfolio elementor-grid elementor-posts-container\">\n\t\t\t\t<article class=\"elementor-portfolio-item elementor-post  post-147 cases type-cases status-publish has-post-thumbnail hentry\">\n\t\t\t<a class=\"elementor-post__thumbnail__link\" href=\"https:\/\/www.proativacomunicacao.com.br\/novo\/?cases=fbha\">\n\t\t\t\t<div class=\"elementor-portfolio-item__img elementor-post__thumbnail\">\n\t\t\t<img fetchpriority=\"high\" decoding=\"async\" width=\"768\" height=\"461\" src=\"https:\/\/www.proativacomunicacao.com.br\/novo\/wp-content\/uploads\/2021\/05\/fbha-1-768x461.jpg\" class=\"attachment-medium_large size-medium_large wp-image-598\" alt=\"\" srcset=\"https:\/\/www.proativacomunicacao.com.br\/novo\/wp-content\/uploads\/2021\/05\/fbha-1-768x461.jpg 768w, https:\/\/www.proativacomunicacao.com.br\/novo\/wp-content\/uploads\/2021\/05\/fbha-1-300x180.jpg 300w, https:\/\/www.proativacomunicacao.com.br\/novo\/wp-content\/uploads\/2021\/05\/fbha-1-1024x614.jpg 1024w, https:\/\/www.proativacomunicacao.com.br\/novo\/wp-content\/uploads\/2021\/05\/fbha-1.jpg 1500w\" sizes=\"(max-width: 768px) 100vw, 768px\" \/>\t\t<\/div>\n\t\t\t\t<div class=\"elementor-portfolio-item__overlay\">\n\t\t\t\t<h3 class=\"elementor-portfolio-item__title\">\n\t\tAssessoria de Comunica\u00e7\u00e3o\t\t<\/h3>\n\t\t\t\t<\/div>\n\t\t\t\t<\/a>\n\t\t<\/article>\n\t\t\t\t<article class=\"elementor-portfolio-item elementor-post  post-136 cases type-cases status-publish has-post-thumbnail hentry\">\n\t\t\t<a class=\"elementor-post__thumbnail__link\" href=\"https:\/\/www.proativacomunicacao.com.br\/novo\/?cases=fnpeti\">\n\t\t\t\t<div class=\"elementor-portfolio-item__img elementor-post__thumbnail\">\n\t\t\t<img decoding=\"async\" width=\"768\" height=\"461\" src=\"https:\/\/www.proativacomunicacao.com.br\/novo\/wp-content\/uploads\/2021\/05\/fnpeti-1-768x461.jpg\" class=\"attachment-medium_large size-medium_large wp-image-599\" alt=\"\" srcset=\"https:\/\/www.proativacomunicacao.com.br\/novo\/wp-content\/uploads\/2021\/05\/fnpeti-1-768x461.jpg 768w, https:\/\/www.proativacomunicacao.com.br\/novo\/wp-content\/uploads\/2021\/05\/fnpeti-1-300x180.jpg 300w, https:\/\/www.proativacomunicacao.com.br\/novo\/wp-content\/uploads\/2021\/05\/fnpeti-1-1024x614.jpg 1024w, https:\/\/www.proativacomunicacao.com.br\/novo\/wp-content\/uploads\/2021\/05\/fnpeti-1.jpg 1500w\" sizes=\"(max-width: 768px) 100vw, 768px\" \/>\t\t<\/div>\n\t\t\t\t<div class=\"elementor-portfolio-item__overlay\">\n\t\t\t\t<h3 class=\"elementor-portfolio-item__title\">\n\t\tIdentidade Visual\t\t<\/h3>\n\t\t\t\t<\/div>\n\t\t\t\t<\/a>\n\t\t<\/article>\n\t\t\t\t<article class=\"elementor-portfolio-item elementor-post  post-129 cases type-cases status-publish has-post-thumbnail hentry\">\n\t\t\t<a class=\"elementor-post__thumbnail__link\" href=\"https:\/\/www.proativacomunicacao.com.br\/novo\/?cases=espaco-com-cavana\">\n\t\t\t\t<div class=\"elementor-portfolio-item__img elementor-post__thumbnail\">\n\t\t\t<img decoding=\"async\" width=\"768\" height=\"461\" src=\"https:\/\/www.proativacomunicacao.com.br\/novo\/wp-content\/uploads\/2021\/05\/cancavana-1-768x461.jpg\" class=\"attachment-medium_large size-medium_large wp-image-600\" alt=\"\" srcset=\"https:\/\/www.proativacomunicacao.com.br\/novo\/wp-content\/uploads\/2021\/05\/cancavana-1-768x461.jpg 768w, https:\/\/www.proativacomunicacao.com.br\/novo\/wp-content\/uploads\/2021\/05\/cancavana-1-300x180.jpg 300w, https:\/\/www.proativacomunicacao.com.br\/novo\/wp-content\/uploads\/2021\/05\/cancavana-1-1024x614.jpg 1024w, https:\/\/www.proativacomunicacao.com.br\/novo\/wp-content\/uploads\/2021\/05\/cancavana-1.jpg 1500w\" sizes=\"(max-width: 768px) 100vw, 768px\" \/>\t\t<\/div>\n\t\t\t\t<div class=\"elementor-portfolio-item__overlay\">\n\t\t\t\t<h3 class=\"elementor-portfolio-item__title\">\n\t\tRP Digital\t\t<\/h3>\n\t\t\t\t<\/div>\n\t\t\t\t<\/a>\n\t\t<\/article>\n\t\t\t\t<article class=\"elementor-portfolio-item elementor-post  post-117 cases type-cases status-publish has-post-thumbnail hentry\">\n\t\t\t<a class=\"elementor-post__thumbnail__link\" href=\"https:\/\/www.proativacomunicacao.com.br\/novo\/?cases=anvisa\">\n\t\t\t\t<div class=\"elementor-portfolio-item__img elementor-post__thumbnail\">\n\t\t\t<img loading=\"lazy\" decoding=\"async\" width=\"768\" height=\"461\" src=\"https:\/\/www.proativacomunicacao.com.br\/novo\/wp-content\/uploads\/2021\/05\/anvisa-1-768x461.jpg\" class=\"attachment-medium_large size-medium_large wp-image-601\" alt=\"\" srcset=\"https:\/\/www.proativacomunicacao.com.br\/novo\/wp-content\/uploads\/2021\/05\/anvisa-1-768x461.jpg 768w, https:\/\/www.proativacomunicacao.com.br\/novo\/wp-content\/uploads\/2021\/05\/anvisa-1-300x180.jpg 300w, https:\/\/www.proativacomunicacao.com.br\/novo\/wp-content\/uploads\/2021\/05\/anvisa-1-1024x614.jpg 1024w, https:\/\/www.proativacomunicacao.com.br\/novo\/wp-content\/uploads\/2021\/05\/anvisa-1.jpg 1500w\" sizes=\"(max-width: 768px) 100vw, 768px\" \/>\t\t<\/div>\n\t\t\t\t<div class=\"elementor-portfolio-item__overlay\">\n\t\t\t\t<h3 class=\"elementor-portfolio-item__title\">\n\t\tDesign Gr\u00e1fico e Diagrama\u00e7\u00e3o\t\t<\/h3>\n\t\t\t\t<\/div>\n\t\t\t\t<\/a>\n\t\t<\/article>\n\t\t\t\t<article class=\"elementor-portfolio-item elementor-post  post-113 cases type-cases status-publish has-post-thumbnail hentry\">\n\t\t\t<a class=\"elementor-post__thumbnail__link\" href=\"https:\/\/www.proativacomunicacao.com.br\/novo\/?cases=ceilandia-mall\">\n\t\t\t\t<div class=\"elementor-portfolio-item__img elementor-post__thumbnail\">\n\t\t\t<img loading=\"lazy\" decoding=\"async\" width=\"768\" height=\"461\" src=\"https:\/\/www.proativacomunicacao.com.br\/novo\/wp-content\/uploads\/2021\/05\/Ceilandia-mall-1-768x461.jpg\" class=\"attachment-medium_large size-medium_large wp-image-602\" alt=\"\" srcset=\"https:\/\/www.proativacomunicacao.com.br\/novo\/wp-content\/uploads\/2021\/05\/Ceilandia-mall-1-768x461.jpg 768w, https:\/\/www.proativacomunicacao.com.br\/novo\/wp-content\/uploads\/2021\/05\/Ceilandia-mall-1-300x180.jpg 300w, https:\/\/www.proativacomunicacao.com.br\/novo\/wp-content\/uploads\/2021\/05\/Ceilandia-mall-1-1024x614.jpg 1024w, https:\/\/www.proativacomunicacao.com.br\/novo\/wp-content\/uploads\/2021\/05\/Ceilandia-mall-1.jpg 1500w\" sizes=\"(max-width: 768px) 100vw, 768px\" \/>\t\t<\/div>\n\t\t\t\t<div class=\"elementor-portfolio-item__overlay\">\n\t\t\t\t<h3 class=\"elementor-portfolio-item__title\">\n\t\tRP Digital\t\t<\/h3>\n\t\t\t\t<\/div>\n\t\t\t\t<\/a>\n\t\t<\/article>\n\t\t\t\t<article class=\"elementor-portfolio-item elementor-post  post-106 cases type-cases status-publish has-post-thumbnail hentry\">\n\t\t\t<a class=\"elementor-post__thumbnail__link\" href=\"https:\/\/www.proativacomunicacao.com.br\/novo\/?cases=ekoa\">\n\t\t\t\t<div class=\"elementor-portfolio-item__img elementor-post__thumbnail\">\n\t\t\t<img loading=\"lazy\" decoding=\"async\" width=\"768\" height=\"461\" src=\"https:\/\/www.proativacomunicacao.com.br\/novo\/wp-content\/uploads\/2021\/05\/Ekoa2-1-768x461.jpg\" class=\"attachment-medium_large size-medium_large wp-image-603\" alt=\"\" srcset=\"https:\/\/www.proativacomunicacao.com.br\/novo\/wp-content\/uploads\/2021\/05\/Ekoa2-1-768x461.jpg 768w, https:\/\/www.proativacomunicacao.com.br\/novo\/wp-content\/uploads\/2021\/05\/Ekoa2-1-300x180.jpg 300w, https:\/\/www.proativacomunicacao.com.br\/novo\/wp-content\/uploads\/2021\/05\/Ekoa2-1-1024x614.jpg 1024w, https:\/\/www.proativacomunicacao.com.br\/novo\/wp-content\/uploads\/2021\/05\/Ekoa2-1.jpg 1500w\" sizes=\"(max-width: 768px) 100vw, 768px\" \/>\t\t<\/div>\n\t\t\t\t<div class=\"elementor-portfolio-item__overlay\">\n\t\t\t\t<h3 class=\"elementor-portfolio-item__title\">\n\t\tCopywriting\t\t<\/h3>\n\t\t\t\t<\/div>\n\t\t\t\t<\/a>\n\t\t<\/article>\n\t\t\t\t<\/div>\n\t\t\t\t<\/div>\n\t\t\t\t<\/div>\n\t\t\t\t\t<\/div>\n\t\t<\/div>\n\t\t\t\t\t<\/div>\n\t\t<\/section>\n\t\t\t\t<\/div>\n\t\t","protected":false},"excerpt":{"rendered":"<p>Cases Proatividade, resili\u00eancia e sintonia. Com a jun\u00e7\u00e3o desses quesitos, compomos uma equipe multidisciplinar de profissionais, prontamente preparada para atender \u00e0s diversas demandas dos nossos clientes, sempre atentos \u00e0s novidades do mercado. Al\u00e9m de ser pautada pela inova\u00e7\u00e3o, a\u00a0Proativa\u00a0tem na sua hist\u00f3ria o diferencial de ser a primeira ag\u00eancia de Bras\u00edlia especializada no atendimento a [&hellip;]<\/p>\n","protected":false},"author":1,"featured_media":0,"parent":0,"menu_order":0,"comment_status":"closed","ping_status":"closed","template":"elementor_header_footer","meta":{"footnotes":""},"class_list":["post-21","page","type-page","status-publish","hentry"],"_links":{"self":[{"href":"https:\/\/www.proativacomunicacao.com.br\/novo\/index.php?rest_route=\/wp\/v2\/pages\/21","targetHints":{"allow":["GET"]}}],"collection":[{"href":"https:\/\/www.proativacomunicacao.com.br\/novo\/index.php?rest_route=\/wp\/v2\/pages"}],"about":[{"href":"https:\/\/www.proativacomunicacao.com.br\/novo\/index.php?rest_route=\/wp\/v2\/types\/page"}],"author":[{"embeddable":true,"href":"https:\/\/www.proativacomunicacao.com.br\/novo\/index.php?rest_route=\/wp\/v2\/users\/1"}],"replies":[{"embeddable":true,"href":"https:\/\/www.proativacomunicacao.com.br\/novo\/index.php?rest_route=%2Fwp%2Fv2%2Fcomments&post=21"}],"version-history":[{"count":14,"href":"https:\/\/www.proativacomunicacao.com.br\/novo\/index.php?rest_route=\/wp\/v2\/pages\/21\/revisions"}],"predecessor-version":[{"id":4006,"href":"https:\/\/www.proativacomunicacao.com.br\/novo\/index.php?rest_route=\/wp\/v2\/pages\/21\/revisions\/4006"}],"wp:attachment":[{"href":"https:\/\/www.proativacomunicacao.com.br\/novo\/index.php?rest_route=%2Fwp%2Fv2%2Fmedia&parent=21"}],"curies":[{"name":"wp","href":"https:\/\/api.w.org\/{rel}","templated":true}]}}